{"id":1131,"date":"2020-11-20T11:51:26","date_gmt":"2020-11-20T10:51:26","guid":{"rendered":"https:\/\/www.poliplastspa.com\/?page_id=1131"},"modified":"2020-11-20T11:51:26","modified_gmt":"2020-11-20T10:51:26","slug":"privacy-policy-2","status":"publish","type":"page","link":"https:\/\/www.poliplastspa.com\/de\/privacy-policy-2\/","title":{"rendered":"Privacy Policy"},"content":{"rendered":"\n<p>Die Methoden zur Verwaltung\nder Poliplast S.p.A.-Website werden nachstehend unter Bezugnahme auf die\nVerarbeitung der personenbezogenen Daten der Benutzer, die sie konsultieren,\nbeschrieben. Diese Informationen richtet sich gem\u00e4\u00df Art. 13 und 14 der EU-Verordnung\nn. 679\/2016 an diejenigen, die mit Poliplast-Webdiensten interagieren.<\/p>\n\n\n\n<p><strong>DATENVERANTWORTLICHER<\/strong><\/p>\n\n\n\n<p>Der Datenverantwortliche\nist Poliplast S.p.A. mit rechtlichem und administrativem Hauptsitz in der Via\nCarrali, 8 &#8211; 24020 Casnigo (BG), ITALIEN.<\/p>\n\n\n\n<p><strong>ORT DER DATENVERARBEITUNG<\/strong><\/p>\n\n\n\n<p>Die Verarbeitung der mit\nden Webservices dieser Website verbundenen Daten erfolgt im oben genannten\nFirmensitz. Die von den Benutzern bereitgestellten personenbezogenen Daten\nwerden ausschlie\u00dflich zum Zweck der Ausf\u00fchrung des angeforderten Dienstes oder\nder angeforderten Bereitstellung verwendet.<\/p>\n\n\n\n<p><strong>ART DER VERARBEITETEN DATEN<\/strong><\/p>\n\n\n\n<p><strong>Navigationsdaten<\/strong><\/p>\n\n\n\n<p>Die f\u00fcr den Betrieb dieser\nWebsite verwendeten Computersysteme und Softwareverfahren erfassen w\u00e4hrend\nihres normalen Betriebs einige personenbezogene Daten, deren \u00dcbertragung mit\nder Nutzung des Internets verbunden ist. Hierbei handelt es sich um\nInformationen, die nicht gesammelt werden, um mit identifizierten\ninteressierten Parteien in Verbindung gebracht zu werden, die jedoch aufgrund\nihrer Bearbeitung und Verarbeitung mit Daten von Dritten die Identifizierung\nvon Benutzern erm\u00f6glichen k\u00f6nnten. Diese Datenkategorie umfasst\n&#8222;IP-Adressen&#8220; oder die Dom\u00e4nennamen der Computer, die von Benutzern\nverwendet werden, die eine Verbindung zur Website herstellen, die Adressen in\nURI-Notation (Uniform Resource Identifier) der angeforderten Ressourcen, den\nZeitpunkt der Anforderung, die Methode zum Senden der Anforderung an den\nWebserver, die Gr\u00f6\u00dfe der als Antwort erhaltene Datei, den numerischen Code, der\nden Status der vom Webserver gegebenen Antwort (erfolgreich, Fehler usw.) und\nandere Parameter in Bezug auf das Betriebssystem und die Computerumgebung des\nBenutzers angibt. Diese Daten werden ausschlie\u00dflich dazu verwendet, anonyme\nstatistische Informationen \u00fcber die Nutzung der Website zu erhalten und die\nordnungsgem\u00e4\u00dfe Funktion der Website zu \u00fcberpr\u00fcfen. Es ist zu beachten, dass die\noben genannten Daten verwendet werden k\u00f6nnen, um die Verantwortung im Falle von\nCybercrime gegen die Website von Poliplast SpA festzustellen In jedem Fall\nwerden die Navigationsdaten ab dem Zeitpunkt der Erfassung 24 Monate lang\naufbewahrt.<\/p>\n\n\n\n<p><strong>Vom Benutzer freiwillig zur Verf\u00fcgung gestellte Daten<\/strong><\/p>\n\n\n\n<p>Benutzeranfragen zur\nRegistrierung bei Poliplast Workspace (\u00fcber die Anmeldefunktion auf der Startseite)\nimplizieren die Erfassung der pers\u00f6nlichen Daten des Benutzers wie Name,\nNachname und E-Mail-Adresse durch Poliplast. Weitere Informationen finden Sie\nunter Benutzer auf der Anmeldeseite.<\/p>\n\n\n\n<p><strong>Cookies<\/strong><\/p>\n\n\n\n<p>Cookies bestehen aus Teilen\ndes im Browser installierten Codes, die den Websitebesitzer bei der\nBereitstellung bestimmter Dienste unterst\u00fctzen (z. B. Aktivit\u00e4ten, die f\u00fcr das\nFunktionieren des Dienstes unbedingt erforderlich sind, Aktivit\u00e4ten zum\nSpeichern von Einstellungen).&nbsp; F\u00fcr einige\nZwecke, f\u00fcr die die Cookies installiert werden, ist m\u00f6glicherweise die\nZustimmung des Benutzers erforderlich. Poliplast Spa verwendet technische\nCookies, um das ordnungsgem\u00e4\u00dfe Funktionieren unserer Website sicherzustellen,\nohne die Ihre Browser-Erfahrung nicht angenehm w\u00e4re. Um unsere Website zu\nverbessern und zu verstehen, welche Teile oder Elemente von den Benutzern am\nmeisten gesch\u00e4tzt werden, verwenden wir als anonymes und aggregiertes\nAnalysetool auch ein Cookie eines Drittanbieters, d.h. Google Analytics. Dieses\nCookie ist kein von uns verwaltetes Tool. Weitere Informationen finden Sie in\nden Informationen von Google unter der folgenden Adresse:\nhttp:\/\/www.google.it\/policies\/privacy\/partners\/. Wenn Sie es vorziehen, dass\nGoogle Analytics die gesammelten Daten in keiner Weise verwendet, k\u00f6nnen Sie:<\/p>\n\n\n\n<p>die anonyme Navigation\n(Option Do Not Track) Ihres Browsers verwenden. Um herauszufinden, wie Sie die\nOption in den Hauptsuchmaschinen aktivieren k\u00f6nnen, klicken Sie auf den von\nIhnen verwendeten Browser: Internet Explorer, Google Chrome, Mozilla Firefox,\nApple Safari.<\/p>\n\n\n\n<p>Deaktivieren Sie Google\nAnalytics, indem Sie das Deaktivierungs-Add-On in Ihrem Browser installieren.\nKlicken Sie hier, um es herunterzuladen. Wir verwenden keine Profiling-Cookies.<\/p>\n\n\n\n<p><strong>VERARBEITUNGSMETHODEN UND SICHERHEITSMASSNAHMEN<\/strong><\/p>\n\n\n\n<p>Personenbezogene Daten\nwerden mit automatisierten und manuellen Tools nur f\u00fcr die Zeit verarbeitet,\ndie unbedingt erforderlich ist, um die Zwecke zu erreichen, f\u00fcr die sie erfasst\nwurden. Spezifische Sicherheitsma\u00dfnahmen werden eingehalten, um den Verlust von\nDaten, die illegale oder falsche Verwendung und den unbefugten Zugriff gem\u00e4\u00df\nArtikel 32 der DSGVO zu verhindern. Poliplast S.p.A. nutzt seine Website nicht\nwissentlich, um Daten von Minderj\u00e4hrigen unter 18 Jahren anzufordern.<\/p>\n\n\n\n<p><strong>RECHTE DER INVOLVIERTEN PARTEIEN<\/strong><\/p>\n\n\n\n<p>Die Personen, auf die sich\ndie von Poliplast verarbeiteten personenbezogenen Daten beziehen, haben das\nRecht gem\u00e4\u00df Art. 15 und folgende der EU-Verordnung n. 679\/2016, jederzeit zu\nerfahren, welche personenbezogenen Daten von Poliplast S.p.A. und wie diese\nverwendet werden (Zugriffsrecht), um ihre Aktualisierung, Berichtigung oder,\nfalls von Interesse, Integration, Stornierung, Umwandlung in eine anonyme Form\noder Einschr\u00e4nkung zu erhalten und jederzeit zu widerrufen, \u00fcberall dort wo die\nZustimmung zur Verarbeitung von Daten gegeben wurde.<\/p>\n\n\n\n<p>Diesbez\u00fcgliche Anfragen\nrichten Sie bitte an:<\/p>\n\n\n\n<p><strong>Poliplast S.p.A.<\/strong><\/p>\n\n\n\n<p><strong>Via Carrali, 8 \u2013 24020 Casnigo (BG) ITALIEN.<\/strong><\/p>\n\n\n\n<p>Oder mittels E-mail an: <\/p>\n\n\n\n<p><strong>privacy@poliplastspa.com. <\/strong><\/p>\n","protected":false},"excerpt":{"rendered":"<p>Die Methoden zur Verwaltung der Poliplast S.p.A.-Website werden nachstehend unter Bezugnahme auf die Verarbeitung der personenbezogenen Daten der Benutzer, die sie konsultieren, beschrieben. Diese Informationen richtet sich gem\u00e4\u00df Art. 13 und 14 der EU-Verordnung n. 679\/2016 an diejenigen, die mit Poliplast-Webdiensten interagieren. DATENVERANTWORTLICHER Der Datenverantwortliche ist Poliplast S.p.A. mit rechtlichem und administrativem Hauptsitz in der [&hellip;]<\/p>\n","protected":false},"author":1,"featured_media":0,"parent":0,"menu_order":0,"comment_status":"closed","ping_status":"open","template":"","meta":{"footnotes":""},"class_list":["post-1131","page","type-page","status-publish","hentry"],"_links":{"self":[{"href":"https:\/\/www.poliplastspa.com\/de\/wp-json\/wp\/v2\/pages\/1131","targetHints":{"allow":["GET"]}}],"collection":[{"href":"https:\/\/www.poliplastspa.com\/de\/wp-json\/wp\/v2\/pages"}],"about":[{"href":"https:\/\/www.poliplastspa.com\/de\/wp-json\/wp\/v2\/types\/page"}],"author":[{"embeddable":true,"href":"https:\/\/www.poliplastspa.com\/de\/wp-json\/wp\/v2\/users\/1"}],"replies":[{"embeddable":true,"href":"https:\/\/www.poliplastspa.com\/de\/wp-json\/wp\/v2\/comments?post=1131"}],"version-history":[{"count":1,"href":"https:\/\/www.poliplastspa.com\/de\/wp-json\/wp\/v2\/pages\/1131\/revisions"}],"predecessor-version":[{"id":1132,"href":"https:\/\/www.poliplastspa.com\/de\/wp-json\/wp\/v2\/pages\/1131\/revisions\/1132"}],"wp:attachment":[{"href":"https:\/\/www.poliplastspa.com\/de\/wp-json\/wp\/v2\/media?parent=1131"}],"curies":[{"name":"wp","href":"https:\/\/api.w.org\/{rel}","templated":true}]}}