{"id":1546,"date":"2022-12-21T10:15:50","date_gmt":"2022-12-21T09:15:50","guid":{"rendered":"https:\/\/www.poliplastspa.com\/?page_id=1546"},"modified":"2022-12-22T11:22:56","modified_gmt":"2022-12-22T10:22:56","slug":"umweltkennzeichnung-von-verpackungen","status":"publish","type":"page","link":"https:\/\/www.poliplastspa.com\/de\/umweltkennzeichnung-von-verpackungen\/","title":{"rendered":"Umweltkennzeichnung von Verpackungen"},"content":{"rendered":"\n<p>Mitteilung der Bestimmungen von Artikel 219 Absatz 5 des Gesetzesdekrets 152\/2006, ge\u00e4ndert durch das Gesetzesdekret 116\/2020.<\/p>\n\n\n\n<p>Die Identifikationscodes der Materialien gem\u00e4\u00df der Entscheidung 129\/97\/EG der Kommission der Prim\u00e4r-, Sekund\u00e4r- und Terti\u00e4rverpackungen, die f\u00fcr die Lieferung der von Ihnen gekauften Produkte verwendet werden, sind in der folgenden Tabelle aufgef\u00fchrt.<\/p>\n\n\n\n<figure class=\"wp-block-table\"><table class=\"has-fixed-layout\"><thead><tr><th>PRODUKT &#8211; IDENTIFIZIERUNGSCODE<\/th><th><\/th><\/tr><\/thead><tbody><tr><td>PLASTIKT\u00dcTE: KUNSTSTOFF \u2013 LDPE 04<\/td><td>KUNSTSTOFFKOLLEKTION<\/td><\/tr><tr><td>BIO BEUTEL: KOMPOSTIERBARER KUNSTSTOFF \u2013 BIO 07<\/td><td>GETRENNTE SAMMLUNG F\u00dcR ORGANISCHE ABF\u00c4LLE *<sup>1<\/sup><\/td><\/tr><tr><td>HAMMER CONTAINER BEUTEL: KUNSTSTOFF \u2013 LDPE 04<\/td><td>KUNSTSTOFFKOLLEKTION<\/td><\/tr><tr><td>VERPACKUNG: PAPIER \u2013 PAP 22<\/td><td>PAPIERKOLLEKTION<\/td><\/tr><tr><td>SCHACHTEL: WELLPAPPE \u2013 PAP 20<\/td><td>PAPIERKOLLEKTION<\/td><\/tr><tr><td>DEHNBAR: KUNSTSTOFF \u2013 LDPE 04<\/td><td>KUNSTSTOFFKOLLEKTION<\/td><\/tr><tr><td>TRITTBRETTABDECKUNG: KUNSTSTOFF \u2013 LDPE 04<\/td><td>KUNSTSTOFFKOLLEKTION<\/td><\/tr><tr><td>KARTONBOGEN: KARTON \u2013 PAP 20<\/td><td>PAPIERKOLLEKTION<\/td><\/tr><tr><td>PALETTE: HOLZ \u2013 FOR 50<\/td><td>HOLZKOLLEKTION<\/td><\/tr><tr><td>WEI\u00df ETIKETTEN: PAPIER \u2013 PAP 22<\/td><td>PAPIERKOLLEKTION<\/td><\/tr><tr><td>GELBE ETIKETTEN: KUNSTSTOFF &#8211; LDPE 04<\/td><td>KUNSTSTOFFKOLLEKTION<\/td><\/tr><\/tbody><\/table><\/figure>\n\n\n\n<p>Es wird angegeben, dass einige Materialcodes auch vom Lieferanten selbst auf dem Verpackungsk\u00f6rper angegeben werden.<\/p>\n\n\n\n<p><\/p>\n\n\n\n<p>*<sup>1<\/sup> OK compost<\/p>\n\n\n\n<figure class=\"wp-block-image size-large is-resized\"><img loading=\"lazy\" decoding=\"async\" src=\"https:\/\/www.poliplastspa.com\/wp-content\/uploads\/2022\/12\/TA-OKI3-S2173-1024x512.jpg\" alt=\"\" class=\"wp-image-1568\" width=\"256\" height=\"128\" srcset=\"https:\/\/www.poliplastspa.com\/wp-content\/uploads\/2022\/12\/TA-OKI3-S2173-1024x512.jpg 1024w, https:\/\/www.poliplastspa.com\/wp-content\/uploads\/2022\/12\/TA-OKI3-S2173-300x150.jpg 300w, https:\/\/www.poliplastspa.com\/wp-content\/uploads\/2022\/12\/TA-OKI3-S2173-768x384.jpg 768w, https:\/\/www.poliplastspa.com\/wp-content\/uploads\/2022\/12\/TA-OKI3-S2173-1536x768.jpg 1536w, https:\/\/www.poliplastspa.com\/wp-content\/uploads\/2022\/12\/TA-OKI3-S2173.jpg 1987w\" sizes=\"auto, (max-width: 256px) 100vw, 256px\" \/><\/figure>\n","protected":false},"excerpt":{"rendered":"<p>Mitteilung der Bestimmungen von Artikel 219 Absatz 5 des Gesetzesdekrets 152\/2006, ge\u00e4ndert durch das Gesetzesdekret 116\/2020. Die Identifikationscodes der Materialien gem\u00e4\u00df der Entscheidung 129\/97\/EG der Kommission der Prim\u00e4r-, Sekund\u00e4r- und Terti\u00e4rverpackungen, die f\u00fcr die Lieferung der von Ihnen gekauften Produkte verwendet werden, sind in der folgenden Tabelle aufgef\u00fchrt. PRODUKT &#8211; IDENTIFIZIERUNGSCODE PLASTIKT\u00dcTE: KUNSTSTOFF \u2013 LDPE [&hellip;]<\/p>\n","protected":false},"author":3,"featured_media":0,"parent":0,"menu_order":0,"comment_status":"closed","ping_status":"closed","template":"","meta":{"footnotes":""},"class_list":["post-1546","page","type-page","status-publish","hentry"],"_links":{"self":[{"href":"https:\/\/www.poliplastspa.com\/de\/wp-json\/wp\/v2\/pages\/1546","targetHints":{"allow":["GET"]}}],"collection":[{"href":"https:\/\/www.poliplastspa.com\/de\/wp-json\/wp\/v2\/pages"}],"about":[{"href":"https:\/\/www.poliplastspa.com\/de\/wp-json\/wp\/v2\/types\/page"}],"author":[{"embeddable":true,"href":"https:\/\/www.poliplastspa.com\/de\/wp-json\/wp\/v2\/users\/3"}],"replies":[{"embeddable":true,"href":"https:\/\/www.poliplastspa.com\/de\/wp-json\/wp\/v2\/comments?post=1546"}],"version-history":[{"count":4,"href":"https:\/\/www.poliplastspa.com\/de\/wp-json\/wp\/v2\/pages\/1546\/revisions"}],"predecessor-version":[{"id":1585,"href":"https:\/\/www.poliplastspa.com\/de\/wp-json\/wp\/v2\/pages\/1546\/revisions\/1585"}],"wp:attachment":[{"href":"https:\/\/www.poliplastspa.com\/de\/wp-json\/wp\/v2\/media?parent=1546"}],"curies":[{"name":"wp","href":"https:\/\/api.w.org\/{rel}","templated":true}]}}