{"id":1092,"date":"2020-11-18T15:40:57","date_gmt":"2020-11-18T14:40:57","guid":{"rendered":"https:\/\/www.poliplastspa.com\/?page_id=1092"},"modified":"2020-11-21T11:12:29","modified_gmt":"2020-11-21T10:12:29","slug":"privacy-policy-2","status":"publish","type":"page","link":"https:\/\/www.poliplastspa.com\/fr\/privacy-policy-2\/","title":{"rendered":"Privacy Policy"},"content":{"rendered":"\n<p>Ci-apr\u00e8s sont expliqu\u00e9es les modalit\u00e9s de gestion du site internet de\nPoliplast S.p.a. pour ce qui concerne le traitement des donn\u00e9es \u00e0 caract\u00e8re\npersonnel des utilisateurs. Cette note d\u2019information est conforme aux articles\n13 et 14 du r\u00e8glement UE n. 679\/2016 et est destin\u00e9e \u00e0 tous ceux qui\ninteragissent avec les services internet de Poliplast.<\/p>\n\n\n\n<p><strong>RESPONSABLE DU TRAITEMENT<\/strong><\/p>\n\n\n\n<p>Le Responsable du Traitement est Poliplast S.p.A, dont le si\u00e8ge social et administratif se trouve Via\nCarrali, 8 \u2013 24020 Casnigo (BG), ITALIE.<\/p>\n\n\n\n<p><strong>LIEU DU TRAITEMENT DES DONN\u00c9ES<\/strong><\/p>\n\n\n\n<p>Le traitement des\ndonn\u00e9es li\u00e9es aux services internet de ce site se fait au si\u00e8ge susmentionn\u00e9.\nLes donn\u00e9es personnelles fournies par les internautes sont utilis\u00e9es uniquement\npour fournir la prestation ou le service demand\u00e9.<\/p>\n\n\n\n<p><strong>TYPE DE DONN\u00c9ES TRAIT\u00c9ES<\/strong><\/p>\n\n\n\n<ol class=\"wp-block-list\"><li><strong>Donn\u00e9es de navigation<\/strong><\/li><\/ol>\n\n\n\n<p>Les syst\u00e8mes informatiques et les logiciels utilis\u00e9s pour faire\nfonctionner notre site internet, collectent automatiquement et de fa\u00e7on\nimplicite certaines donn\u00e9es personnelles lors de la navigation sur le r\u00e9seau\ninternet. Il s\u2019agit d\u2019informations qui ne sont pas collect\u00e9es pour &nbsp;\u00eatre\nassoci\u00e9es \u00e0 des personnes concern\u00e9es mais d\u2019informations qui par leur nature\nm\u00eame pourraient permettre, \u00e0 travers des \u00e9laborations et des associations avec\ndes donn\u00e9es d\u00e9tenues par des tiers, d\u2019identifier les internautes. Font partie\nde cette cat\u00e9gorie de donn\u00e9es les \u201cadresses IP\u201d ou les noms de domaine des\nordinateurs utilis\u00e9s par les navigateurs utilisant notre site, les adresses URI\n(Uniform Resource Identifier ou Identifiant de ressource uniforme) des\nressources demand\u00e9es, l\u2019horaire de la demande, la m\u00e9thode utilis\u00e9e pour\npr\u00e9senter la demande au serveur, la dimension du fichier obtenu en r\u00e9ponse, le\ncode num\u00e9rique indiquant l\u2019\u00e9tat de la\nr\u00e9ponse fournie par le serveur (r\u00e9ussie, erreur, etc\u2026) et les autres\nparam\u00e8tres concernant le syst\u00e8me op\u00e9rationnel et l\u2019environnement informatique\nde l\u2019utilisateur. Ces donn\u00e9es sont utilis\u00e9es de fa\u00e7on anonyme uniquement \u00e0 des\nfins statistiques sur l\u2019utilisation du site et pour contr\u00f4ler le bon\nfonctionnement du site. Il faut savoir que lesdites donn\u00e9es pourraient \u00eatre\nutilis\u00e9es pour v\u00e9rifier les responsabilit\u00e9s en cas de d\u00e9lits informatiques aux\nd\u00e9pens du site internet de Poliplast S.p.A. Quoi qu\u2019il en soit, les donn\u00e9es de\nnavigation sont conserv\u00e9es pour une dur\u00e9e de 24 mois \u00e0 compter de la date \u00e0\nlaquelle elles ont \u00e9t\u00e9 collect\u00e9es.<\/p>\n\n\n\n<p>2. <strong>Donn\u00e9es fournies volontairement par l\u2019utilisateur<\/strong><\/p>\n\n\n\n<p>Les demandes d\u2019enregistrement\ndes utilisateurs sur le Poliplast Workspace (\u00e0 travers le Login sur la page\nd\u2019accueil) impliquent l\u2019acquisition par Poliplast des donn\u00e9es personnelles de\nl\u2019utilisateur, comme le nom, pr\u00e9nom et adresse email. D\u2019autres d\u00e9tails sont\nfournis \u00e0 l\u2019utilisateur sur la page de connexion.<\/p>\n\n\n\n<p>3. <strong>Cookies<\/strong><\/p>\n\n\n\n<p>Les cookies sont des petits fichiers qui sont ins\u00e9r\u00e9s sur l\u2019ordinateur de l\u2019internaute par le site internet utilis\u00e9. Ils permettent au propri\u00e9taire du site internet de fournir des services sp\u00e9cifiques (ex. activit\u00e9s strictement n\u00e9cessaires au fonctionnement du service, activit\u00e9s concernant la m\u00e9morisation des pr\u00e9f\u00e9rences). Dans certains cas, l\u2019installation des cookies ne peut se faire qu\u2019avec l\u2019autorisation de l\u2019utilisateur. Poliplast S.p.a. utilise les cookies techniques visant \u00e0 garantir le bon fonctionnement de son site afin d\u2019offrir \u00e0 ses clients une exp\u00e9rience de navigation agr\u00e9able. Pour am\u00e9liorer notre site et comprendre quelles sont les parties ou les \u00e9l\u00e9ments les plus appr\u00e9ci\u00e9s par les internautes, nous utilisons \u00e9galement comme instrument d\u2019analyse anonyme et regroup\u00e9e, un cookie d\u2019une tierce partie, \u00e0 savoir Google Analytics, dont nous ne sommes pas propri\u00e9taire. Pour de plus amples informations, consulter la note d\u2019information fournie par Google \u00e0 l\u2019adresse suivante\u00a0: <a href=\"http:\/\/www.google.it\/policies\/privacy\/partners\/\">http:\/\/www.google.it\/policies\/privacy\/partners\/<\/a>. Si vous souhaitez que Google Analytics n\u2019utilise pas les donn\u00e9es collect\u00e9es de cette fa\u00e7on, vous pouvez<\/p>\n\n\n\n<ul class=\"wp-block-list\"><li><strong>utiliser la navigation anonyme<\/strong> (option Do Not Track) de votre moteur de recherche. Pour savoir comment activer cette option sur les principaux moteurs de recherche, cliquez sur le moteur que vous utilisez : <a href=\"https:\/\/support.apple.com\/it-it\/guide\/safari\/browse-privately-ibrw1069\/mac\">Internet Explorer<\/a>, <a href=\"https:\/\/support.apple.com\/it-it\/guide\/safari\/browse-privately-ibrw1069\/mac\">Google Chrome<\/a>, <a href=\"https:\/\/support.apple.com\/it-it\/guide\/safari\/browse-privately-ibrw1069\/mac\">Mozilla Firefox<\/a>, <a href=\"https:\/\/support.apple.com\/it-it\/guide\/safari\/browse-privately-ibrw1069\/mac\">Apple Safari<\/a>.<\/li><li><strong> et d\u00e9sactivez Google Analytics <\/strong>en installant sur votre moteur de recherche le composant suppl\u00e9mentaire pour la d\u00e9sactivation. <a href=\"https:\/\/tools.google.com\/dlpage\/gaoptout?hl=it\">Cliquez ici pour le t\u00e9l\u00e9charger<\/a>. En revanche nous n\u2019utilisons pas de cookies de profilage.<\/li><\/ul>\n\n\n\n<p><strong>MODALIT\u00c9S DE TRAITEMENT ET MESURES DE S\u00c9CURIT\u00c9<\/strong><\/p>\n\n\n\n<p>Le traitement des\ndonn\u00e9es personnelles se fait \u00e0 l\u2019aide d\u2019instruments automatiques et manuels\nuniquement pendant la dur\u00e9e n\u00e9cessaire aux fins pour lesquelles les donn\u00e9es ont\n\u00e9t\u00e9 collect\u00e9es. Des mesures de s\u00e9curit\u00e9 sp\u00e9cifiques sont prises afin de\npr\u00e9venir la perte des donn\u00e9es, les utilisations illicites ou incorrectes et les\nacc\u00e8s non autoris\u00e9s, aux termes de l\u2019article 32 du RGPD.&nbsp; Poliplast S.p.a. n\u2019utilise pas son propre\nsite pour demander des donn\u00e9es aux mineurs. <\/p>\n\n\n\n<p><strong>DROITS DES PERSONNES CONCERN\u00c9ES<\/strong><\/p>\n\n\n\n<p>Aux termes des\narticles 15 et suivants du R\u00e8glement UE n. 679\/2016, les personnes concern\u00e9es par\nles donn\u00e9es personnelles trait\u00e9es par Poliplast ont le droit de conna\u00eetre \u00e0\ntout moment quelles sont les donn\u00e9es personnelles collect\u00e9es par Poliplast,\ncomment lesdites donn\u00e9es sont utilis\u00e9es (Droit d\u2019acc\u00e8s), en obtenir la mise \u00e0\njour, la rectification, l\u2019int\u00e9gration, la suppression, la transformation sous\nforme anonyme ou de limiter leur utilisation et peuvent \u00e0 tout moment r\u00e9voquer\nleur consentement \u00e9ventuel au traitement des donn\u00e9es.<\/p>\n\n\n\n<p>Pour exercer ces\ndroits, les personnes concern\u00e9es doivent envoyer leur demande par courrier \u00e0 :<\/p>\n\n\n\n<p><strong>Poliplast S.p.A.<\/strong><\/p>\n\n\n\n<p>Via Carrali, 8 \u2013\n24020 Casnigo (BG) ITALIA.<\/p>\n\n\n\n<p><strong>ou par mail \u00e0: privacy@poliplastspa.com .<\/strong><\/p>\n","protected":false},"excerpt":{"rendered":"<p>Ci-apr\u00e8s sont expliqu\u00e9es les modalit\u00e9s de gestion du site internet de Poliplast S.p.a. pour ce qui concerne le traitement des donn\u00e9es \u00e0 caract\u00e8re personnel des utilisateurs. Cette note d\u2019information est conforme aux articles 13 et 14 du r\u00e8glement UE n. 679\/2016 et est destin\u00e9e \u00e0 tous ceux qui interagissent avec les services internet de Poliplast. [&hellip;]<\/p>\n","protected":false},"author":1,"featured_media":0,"parent":0,"menu_order":0,"comment_status":"closed","ping_status":"open","template":"","meta":{"footnotes":""},"class_list":["post-1092","page","type-page","status-publish","hentry"],"_links":{"self":[{"href":"https:\/\/www.poliplastspa.com\/fr\/wp-json\/wp\/v2\/pages\/1092","targetHints":{"allow":["GET"]}}],"collection":[{"href":"https:\/\/www.poliplastspa.com\/fr\/wp-json\/wp\/v2\/pages"}],"about":[{"href":"https:\/\/www.poliplastspa.com\/fr\/wp-json\/wp\/v2\/types\/page"}],"author":[{"embeddable":true,"href":"https:\/\/www.poliplastspa.com\/fr\/wp-json\/wp\/v2\/users\/1"}],"replies":[{"embeddable":true,"href":"https:\/\/www.poliplastspa.com\/fr\/wp-json\/wp\/v2\/comments?post=1092"}],"version-history":[{"count":3,"href":"https:\/\/www.poliplastspa.com\/fr\/wp-json\/wp\/v2\/pages\/1092\/revisions"}],"predecessor-version":[{"id":1150,"href":"https:\/\/www.poliplastspa.com\/fr\/wp-json\/wp\/v2\/pages\/1092\/revisions\/1150"}],"wp:attachment":[{"href":"https:\/\/www.poliplastspa.com\/fr\/wp-json\/wp\/v2\/media?parent=1092"}],"curies":[{"name":"wp","href":"https:\/\/api.w.org\/{rel}","templated":true}]}}