{"id":1558,"date":"2022-12-21T10:24:36","date_gmt":"2022-12-21T09:24:36","guid":{"rendered":"https:\/\/www.poliplastspa.com\/?page_id=1558"},"modified":"2022-12-22T11:22:42","modified_gmt":"2022-12-22T10:22:42","slug":"etiquetage-environnemental-des-emballages","status":"publish","type":"page","link":"https:\/\/www.poliplastspa.com\/fr\/etiquetage-environnemental-des-emballages\/","title":{"rendered":"\u00c9tiquetage environnemental des emballages"},"content":{"rendered":"\n<p>Communication des dispositions de l&rsquo;article 219, paragraphe 5, du d\u00e9cret l\u00e9gislatif 152\/2006 tel que modifi\u00e9 par le d\u00e9cret l\u00e9gislatif 116\/2020.<\/p>\n\n\n\n<p>Le code d&rsquo;identification des mat\u00e9riaux selon la d\u00e9cision 129\/97\/CE de la Commission des emballages primaires, secondaires et tertiaires utilis\u00e9s pour la fourniture des produits que vous avez achet\u00e9s est r\u00e9pertori\u00e9 dans le tableau ci-dessous.<\/p>\n\n\n\n<figure class=\"wp-block-table\"><table class=\"has-fixed-layout\"><thead><tr><th>PRODUIT &#8211; CODE D&rsquo;IDENTIFICATION<\/th><th>TYPE DE COLLECTE<\/th><\/tr><\/thead><tbody><tr><td>PLASTIQUE SAC : PLASTIQUE \u2013 LDPE 04 <\/td><td>COLLECTION PLASTIQUE<\/td><\/tr><tr><td>SAC BIO : PLASTIQUE COMPOSTABLE \u2013 BIO 07<\/td><td>COLLECTE S\u00c9PAR\u00c9E DES D\u00c9CHETS ORGANIQUES *<sup>1<\/sup><\/td><\/tr><tr><td>SAC CONTENANT MARTEAU : PLASTIQUE \u2013 LDPE 04<\/td><td>COLLECTION PLASTIQUE<\/td><\/tr><tr><td>WRAP : PAPIER \u2013 PAP 22<\/td><td>COLLECTION PAPIER<\/td><\/tr><tr><td>BO\u00ceTE : CARTON ONDUL\u00c9 \u2013 PAP 20<\/td><td>COLLECTION PAPIER<\/td><\/tr><tr><td>EXTENSIBLE : PLASTIQUE &#8211; LDPE 04<\/td><td>COLLECTION PLASTIQUE<\/td><\/tr><tr><td>REV\u00caTEMENT DE MARCHEPIED : PLASTIQUE \u2013 LDPE 04<\/td><td>COLLECTION PLASTIQUE<\/td><\/tr><tr><td>FEUILLE CARTONN\u00c9E : CARDBOARD \u2013 PAP 20<\/td><td>COLLECTION PAPIER<\/td><\/tr><tr><td>PALETTE : BOIS \u2013 FOR 50<\/td><td>COLLECTION BOIS<\/td><\/tr><tr><td>MARQUES BLANCHES : PAPIER \u2013 PAP 22<\/td><td>COLLECTION PAPIER<\/td><\/tr><tr><td>ETIQUETTES JAUNES : PLASTIQUE &#8211; LDPE 04<\/td><td>COLLECTION PLASTIQUE<\/td><\/tr><\/tbody><\/table><\/figure>\n\n\n\n<p>Il est pr\u00e9cis\u00e9 que certains codes mati\u00e8res sont \u00e9galement report\u00e9s sur le corps de l&#8217;emballage par le fournisseur lui-m\u00eame.<\/p>\n\n\n\n<p><\/p>\n\n\n\n<p>*<sup>1<\/sup> OK compost<\/p>\n\n\n\n<figure class=\"wp-block-image size-large is-resized\"><img loading=\"lazy\" decoding=\"async\" src=\"https:\/\/www.poliplastspa.com\/wp-content\/uploads\/2022\/12\/TA-OKI3-S2173-1024x512.jpg\" alt=\"\" class=\"wp-image-1567\" width=\"256\" height=\"128\" srcset=\"https:\/\/www.poliplastspa.com\/wp-content\/uploads\/2022\/12\/TA-OKI3-S2173-1024x512.jpg 1024w, https:\/\/www.poliplastspa.com\/wp-content\/uploads\/2022\/12\/TA-OKI3-S2173-300x150.jpg 300w, https:\/\/www.poliplastspa.com\/wp-content\/uploads\/2022\/12\/TA-OKI3-S2173-768x384.jpg 768w, https:\/\/www.poliplastspa.com\/wp-content\/uploads\/2022\/12\/TA-OKI3-S2173-1536x768.jpg 1536w, https:\/\/www.poliplastspa.com\/wp-content\/uploads\/2022\/12\/TA-OKI3-S2173.jpg 1987w\" sizes=\"auto, (max-width: 256px) 100vw, 256px\" \/><\/figure>\n","protected":false},"excerpt":{"rendered":"<p>Communication des dispositions de l&rsquo;article 219, paragraphe 5, du d\u00e9cret l\u00e9gislatif 152\/2006 tel que modifi\u00e9 par le d\u00e9cret l\u00e9gislatif 116\/2020. Le code d&rsquo;identification des mat\u00e9riaux selon la d\u00e9cision 129\/97\/CE de la Commission des emballages primaires, secondaires et tertiaires utilis\u00e9s pour la fourniture des produits que vous avez achet\u00e9s est r\u00e9pertori\u00e9 dans le tableau ci-dessous. PRODUIT [&hellip;]<\/p>\n","protected":false},"author":3,"featured_media":0,"parent":0,"menu_order":0,"comment_status":"closed","ping_status":"closed","template":"","meta":{"footnotes":""},"class_list":["post-1558","page","type-page","status-publish","hentry"],"_links":{"self":[{"href":"https:\/\/www.poliplastspa.com\/fr\/wp-json\/wp\/v2\/pages\/1558","targetHints":{"allow":["GET"]}}],"collection":[{"href":"https:\/\/www.poliplastspa.com\/fr\/wp-json\/wp\/v2\/pages"}],"about":[{"href":"https:\/\/www.poliplastspa.com\/fr\/wp-json\/wp\/v2\/types\/page"}],"author":[{"embeddable":true,"href":"https:\/\/www.poliplastspa.com\/fr\/wp-json\/wp\/v2\/users\/3"}],"replies":[{"embeddable":true,"href":"https:\/\/www.poliplastspa.com\/fr\/wp-json\/wp\/v2\/comments?post=1558"}],"version-history":[{"count":6,"href":"https:\/\/www.poliplastspa.com\/fr\/wp-json\/wp\/v2\/pages\/1558\/revisions"}],"predecessor-version":[{"id":1584,"href":"https:\/\/www.poliplastspa.com\/fr\/wp-json\/wp\/v2\/pages\/1558\/revisions\/1584"}],"wp:attachment":[{"href":"https:\/\/www.poliplastspa.com\/fr\/wp-json\/wp\/v2\/media?parent=1558"}],"curies":[{"name":"wp","href":"https:\/\/api.w.org\/{rel}","templated":true}]}}