{"id":2377,"date":"2026-01-21T14:04:12","date_gmt":"2026-01-21T13:04:12","guid":{"rendered":"https:\/\/www.poliplastspa.com\/?page_id=2377"},"modified":"2026-01-21T14:33:12","modified_gmt":"2026-01-21T13:33:12","slug":"energie-renouvelable-v2","status":"publish","type":"page","link":"https:\/\/www.poliplastspa.com\/fr\/energie-renouvelable-v2\/","title":{"rendered":"\u00c9nergie renouvelable"},"content":{"rendered":"\n<p>La gestion de l\u2019\u00e9nergie et de l\u2019environnement a toujours \u00e9t\u00e9 essentielle pour l\u2019entreprise.<br>L\u2019objectif est de surveiller et de r\u00e9duire les consommations dans l\u2019usine, en compensant l\u2019usage d\u2019\u00e9nergie \u00e9lectrique par une production issue de sources renouvelables.<br>Cet objectif est poursuivi dans le respect des valeurs de l\u2019entreprise : qualit\u00e9, innovation, durabilit\u00e9 et passion.<\/p>\n\n\n\n<p>Le nombre de sites renouvelables a atteint 12 unit\u00e9s, toutes g\u00e9r\u00e9es dans le respect de l\u2019environnement naturel.<br>D\u2019ici fin 2024, une nouvelle installation photovolta\u00efque sera r\u00e9alis\u00e9e. Ce sera la premi\u00e8re au sol pour Poliplast, qui se fixe en permanence de nouveaux objectifs de durabilit\u00e9.<\/p>\n","protected":false},"excerpt":{"rendered":"<p>La gestion de l\u2019\u00e9nergie et de l\u2019environnement a toujours \u00e9t\u00e9 essentielle pour l\u2019entreprise.L\u2019objectif est de surveiller et de r\u00e9duire les consommations dans l\u2019usine, en compensant l\u2019usage d\u2019\u00e9nergie \u00e9lectrique par une production issue de sources renouvelables.Cet objectif est poursuivi dans le respect des valeurs de l\u2019entreprise : qualit\u00e9, innovation, durabilit\u00e9 et passion. Le nombre de sites [&hellip;]<\/p>\n","protected":false},"author":1,"featured_media":0,"parent":0,"menu_order":0,"comment_status":"closed","ping_status":"closed","template":"energia-rinnovabile-v2.php","meta":{"footnotes":""},"class_list":["post-2377","page","type-page","status-publish","hentry"],"_links":{"self":[{"href":"https:\/\/www.poliplastspa.com\/fr\/wp-json\/wp\/v2\/pages\/2377","targetHints":{"allow":["GET"]}}],"collection":[{"href":"https:\/\/www.poliplastspa.com\/fr\/wp-json\/wp\/v2\/pages"}],"about":[{"href":"https:\/\/www.poliplastspa.com\/fr\/wp-json\/wp\/v2\/types\/page"}],"author":[{"embeddable":true,"href":"https:\/\/www.poliplastspa.com\/fr\/wp-json\/wp\/v2\/users\/1"}],"replies":[{"embeddable":true,"href":"https:\/\/www.poliplastspa.com\/fr\/wp-json\/wp\/v2\/comments?post=2377"}],"version-history":[{"count":4,"href":"https:\/\/www.poliplastspa.com\/fr\/wp-json\/wp\/v2\/pages\/2377\/revisions"}],"predecessor-version":[{"id":2412,"href":"https:\/\/www.poliplastspa.com\/fr\/wp-json\/wp\/v2\/pages\/2377\/revisions\/2412"}],"wp:attachment":[{"href":"https:\/\/www.poliplastspa.com\/fr\/wp-json\/wp\/v2\/media?parent=2377"}],"curies":[{"name":"wp","href":"https:\/\/api.w.org\/{rel}","templated":true}]}}