{"id":1260,"date":"2020-11-26T10:01:16","date_gmt":"2020-11-26T09:01:16","guid":{"rendered":"https:\/\/www.poliplastspa.com\/?page_id=1260"},"modified":"2020-11-26T10:01:16","modified_gmt":"2020-11-26T09:01:16","slug":"privacy-policy-2","status":"publish","type":"page","link":"https:\/\/www.poliplastspa.com\/pl\/privacy-policy-2\/","title":{"rendered":"Privacy policy"},"content":{"rendered":"\n<p>Poni\u017cej\nopisane zosta\u0142y sposoby zarz\u0105dzania stron\u0105 internetow\u0105 sp\u00f3\u0142ki Poliplast S.p.A.\nw odniesieniu do przetwarzania danych osobowych u\u017cytkownik\u00f3w, kt\u00f3rzy j\u0105\nprzegl\u0105daj\u0105. Polityka prywatno\u015bci jest przedstawiana w my\u015bl artyku\u0142\u00f3w 13 i 14\nRozporz\u0105dzenia Parlamentu Europejskiego i Rady (UE) nr 679\/2016 osobom, kt\u00f3re\nkorzystaj\u0105 z us\u0142ug sieciowych sp\u00f3\u0142ki Poliplast.<\/p>\n\n\n\n<p><strong>ADMINISTRATOR DANYCH OSOBOWYCH<\/strong><\/p>\n\n\n\n<p>Administratorem\ndanych osobowych jest sp\u00f3\u0142ka Poliplast S.p.A. z siedzib\u0105 g\u0142\u00f3wn\u0105 i miejscem\nprowadzenia dzia\u0142alno\u015bci przy Via Carrali 8 &#8211; 24020 Casnigo (BG &#8211; prowincja\nBergamo), W\u0141OCHY.<\/p>\n\n\n\n<p><strong>MIEJSCE PRZETWARZANIA DANYCH<\/strong><\/p>\n\n\n\n<p>Przetwarzanie\ndanych osobowych powi\u0105zanych z us\u0142ugami sieciowymi niniejszej strony\ninternetowej odbywa si\u0119 we wspomnianej wy\u017cej siedzibie. Dane osobowe\nudost\u0119pniane przez u\u017cytkownik\u00f3w s\u0105 wykorzystywane jedynie w celu wykonywania\nus\u0142ugi i wymaganych \u015bwiadcze\u0144.<\/p>\n\n\n\n<p><strong>RODZAJ PRZETWARZANYCH DANYCH<\/strong><\/p>\n\n\n\n<ol class=\"wp-block-list\"><li><strong>Dane przegl\u0105dania<\/strong><\/li><\/ol>\n\n\n\n<p>Systemy\ninformatyczne i standardowe oprogramowanie wykorzystywane do obs\u0142ugi niniejszej\nstrony internetowej pozyskuj\u0105 w toku swojego normalnego dzia\u0142ania niekt\u00f3re dane\nosobowe, kt\u00f3rych przekazywanie jest powi\u0105zane w spos\u00f3b dorozumiany z korzystaniem\nz sieci internetowej. S\u0105 to informacje, kt\u00f3re nie s\u0105 gromadzone w celu\npowi\u0105zania ich ze zidentyfikowanymi osobami zainteresowanymi, ale kt\u00f3re, ze\nwzgl\u0119du na sw\u00f3j charakter, mog\u0142yby umo\u017cliwi\u0107 identyfikacj\u0119 u\u017cytkownik\u00f3w poprzez\nodpowiednie przetwarzanie i powi\u0105zanie z danymi przechowywanymi przez osoby\ntrzecie. Ta kategoria danych obejmuje <\/p>\n\n\n\n<p>\u201eadresy\nIP\u201d lub nazwy domen komputer\u00f3w u\u017cywanych przez u\u017cytkownik\u00f3w \u0142\u0105cz\u0105cych si\u0119 z\nwitryn\u0105, adresy w zapisie URI (Uniform Resource Identifier) \u200b\u200b\u017c\u0105danych zasob\u00f3w,\nczasy \u017c\u0105dania, metod\u0119 przesy\u0142ania \u017c\u0105dania do <\/p>\n\n\n\n<p>serwera\nWWW, rozmiar pliku otrzymanego w odpowiedzi, kod numeryczny wskazuj\u0105cy stan\nodpowiedzi udzielonej przez serwer WWW (powodzenie, b\u0142\u0105d itp.) oraz inne\nparametry zwi\u0105zane z systemem operacyjnym i \u015brodowiskiem komputerowym\nu\u017cytkownika. Dane te s\u0105 wykorzystywane wy\u0142\u0105cznie w celu uzyskania anonimowych\ninformacji statystycznych dotycz\u0105cych korzystania ze strony internetowej oraz\nsprawdzenia poprawno\u015bci jej dzia\u0142ania. Nale\u017cy zaznaczy\u0107, \u017ce dane te mog\u0105\npos\u0142u\u017cy\u0107 do ustalenia odpowiedzialno\u015bci w przypadku przest\u0119pstw komputerowych\npope\u0142nionych ze szkod\u0105 dla strony internetowej firmy Poliplast S.p.A. W ka\u017cdym\nprzypadku dane przegl\u0105dania s\u0105 przechowywane przez okres 24 miesi\u0119cy od momentu\nich zgromadzenia.<\/p>\n\n\n\n<p><strong>2.Dane udost\u0119pnione dobrowolnie przez u\u017cytkownika.<\/strong><\/p>\n\n\n\n<p>Wnioski\nu\u017cytkownik\u00f3w o zarejestrowanie w Poliplast Workspace (przy u\u017cyciu\nfunkcjonalno\u015bci Logowania na Stronie G\u0142\u00f3wnej) wi\u0105\u017c\u0105 si\u0119 z pozyskiwaniem przez\nPoliplast danych osobowych u\u017cytkownika takich jak imi\u0119, nazwisko czy adres\ne-mail. Dalsze szczeg\u00f3\u0142y przedstawiono u\u017cytkownikom bezpo\u015brednio na stronie\nlogowania.<\/p>\n\n\n\n<p>3. <strong>Pliki cookie<\/strong><\/p>\n\n\n\n<p>Pliki cookie to fragmenty kodu instalowane w przegl\u0105darce, kt\u00f3re pomagaj\u0105 w\u0142a\u015bcicielowi serwisu w \u015bwiadczeniu okre\u015blonych typ\u00f3w us\u0142ug (np. czynno\u015bci niezb\u0119dnych do funkcjonowania serwisu, czynno\u015bci zwi\u0105zanych z zapisywaniem preferencji).\u00a0 Do niekt\u00f3rych cel\u00f3w, dla kt\u00f3rych instalowane s\u0105 pliki cookie, mo\u017ce by\u0107 wymagana zgoda u\u017cytkownika. Poliplast S.p.a. wykorzystuje techniczne pliki cookie maj\u0105ce na celu zapewnienie prawid\u0142owego funkcjonowania strony internetowej, bez kt\u00f3rych jej przegl\u0105danie nie by\u0142oby tak sprawne. Aby stale udoskonala\u0107 nasz\u0105 stron\u0119 i sprawdzi\u0107, kt\u00f3re z jej cz\u0119\u015bci lub element\u00f3w s\u0105 najbardziej cenione przez u\u017cytkownik\u00f3w, u\u017cywamy r\u00f3wnie\u017c, jako narz\u0119dzia do anonimowej i zbiorczej analizy, zewn\u0119trznego pliku cookie, czyli Google Analytics. Ten plik cookie nie stanowi naszej w\u0142asno\u015bci; aby uzyska\u0107 wi\u0119cej szczeg\u00f3\u0142\u00f3w na jego temat, mo\u017cna zapozna\u0107 si\u0119 z informacjami udost\u0119pnionymi przez Google pod nast\u0119puj\u0105cym adresem: <a href=\"http:\/\/www.google.it\/policies\/privacy\/partners\/\">http:\/\/www.google.it\/policies\/privacy\/partners\/<\/a>. Je\u015bli nie zgadzacie si\u0119 Pa\u0144stwo na to, aby narz\u0119dzie Google Analytics wykorzystywa\u0142o w jakikolwiek spos\u00f3b zgromadzone dane, mo\u017cecie:<\/p>\n\n\n\n<ul class=\"wp-block-list\"><li><strong>skorzysta\u0107 z anonimowego przegl\u0105dania<\/strong> (opcja <strong>Do Not Track<\/strong>) w swojej przegl\u0105darce. Aby dowiedzie\u0107 si\u0119, w jaki spos\u00f3b w\u0142\u0105czy\u0107 t\u0119 opcj\u0119 w najwi\u0119kszych wyszukiwarkach, nale\u017cy klikn\u0105\u0107 na ikonk\u0119 u\u017cywanej przegl\u0105darki: <a href=\"http:\/\/windows.microsoft.com\/it-it\/internet-explorer\/ie-do-not-track#ie=ie-11\">Internet Explorer<\/a>, <a href=\"http:\/\/windows.microsoft.com\/it-it\/internet-explorer\/ie-do-not-track#ie=ie-11\">Google Chrome<\/a>, <a href=\"http:\/\/windows.microsoft.com\/it-it\/internet-explorer\/ie-do-not-track#ie=ie-11\">Mozilla Firefox<\/a>, <a href=\"http:\/\/windows.microsoft.com\/it-it\/internet-explorer\/ie-do-not-track#ie=ie-11\">Safari firmy Apple<\/a>.<\/li><li><strong>dezaktywowa\u0107 Google Analytics<\/strong>, instaluj\u0105c na przegl\u0105darce dodatek s\u0142u\u017c\u0105cy do wy\u0142\u0105czenia narz\u0119dzia. Kliknij, aby pobra\u0107. <strong>Nie wykorzystujemy plik\u00f3w cookie s\u0142u\u017c\u0105cych do profilowania.<\/strong><\/li><\/ul>\n\n\n\n<p><strong>METODY PRZETWARZANIA I \u015aRODKI BEZPIECZE\u0143STWA<\/strong><\/p>\n\n\n\n<p>Dane\nosobowe s\u0105 przetwarzane za pomoc\u0105 narz\u0119dzi zautomatyzowanych i r\u0119cznych,\nwy\u0142\u0105cznie przez czas niezb\u0119dny do realizacji cel\u00f3w, dla kt\u00f3rych zosta\u0142y one\nzgromadzone. Podejmowane s\u0105 szczeg\u00f3lne \u015brodki bezpiecze\u0144stwa, aby zapobiec\nutracie danych, nielegalnemu lub nieprawid\u0142owemu wykorzystaniu oraz nieuprawnionemu\ndost\u0119powi, zgodnie z art. 32 RODO. Sp\u00f3\u0142ka Poliplast S.p.A. nie wykorzystuje\nswojej strony internetowej, aby \u015bwiadomie pozyskiwa\u0107 dane od os\u00f3b poni\u017cej 18\nroku \u017cycia.<\/p>\n\n\n\n<p><strong>PRAWA OS\u00d3B ZAINTERESOWANYCH<\/strong><\/p>\n\n\n\n<p>Podmiotom,\ndo kt\u00f3rych odnosz\u0105 si\u0119 dane osobowe przetwarzane przez sp\u00f3\u0142k\u0119 Poliplast,\nprzys\u0142uguje, zgodnie z art. 15 i nast\u0119pnymi Rozporz\u0105dzenia Parlamentu\nEuropejskiego i Rady (UE) nr 679\/2016, prawo uzyskania w dowolnej chwili\ninformacji na temat tego, jakie dane osobowe posiada sp\u00f3\u0142ka Poliplast S.p.A.\noraz w jaki spos\u00f3b s\u0105 one wykorzystywane (prawo dost\u0119pu), a tak\u017ce prawo do ich\naktualizacji, poprawienia lub, je\u015bli istnieje uzasadniony interes,\nuzupe\u0142nienia, a tak\u017ce usuni\u0119cia, przekszta\u0142cenia w anonimow\u0105 form\u0119 lub\nograniczenia; ponadto podmioty te mog\u0105 w ka\u017cdej chwili wycofa\u0107 zgod\u0119 na\nprzetwarzanie danych, je\u015bli takowa zgoda zosta\u0142a wydana.<\/p>\n\n\n\n<p>Wnioski,\no kt\u00f3rych mowa powy\u017cej, nale\u017cy kierowa\u0107 na adres:<\/p>\n\n\n\n<p><strong>Poliplast S.p.A.<\/strong><\/p>\n\n\n\n<p><strong>Via Carrali, 8 \u2013 24020 Casnigo (BG) W\u0141OCHY.<\/strong><\/p>\n\n\n\n<p>Lub przesy\u0142a\u0107 w wiadomo\u015bci e-mail na adres:<\/p>\n\n\n\n<p><strong>privacy@poliplastspa.com. <\/strong><\/p>\n","protected":false},"excerpt":{"rendered":"<p>Poni\u017cej opisane zosta\u0142y sposoby zarz\u0105dzania stron\u0105 internetow\u0105 sp\u00f3\u0142ki Poliplast S.p.A. w odniesieniu do przetwarzania danych osobowych u\u017cytkownik\u00f3w, kt\u00f3rzy j\u0105 przegl\u0105daj\u0105. Polityka prywatno\u015bci jest przedstawiana w my\u015bl artyku\u0142\u00f3w 13 i 14 Rozporz\u0105dzenia Parlamentu Europejskiego i Rady (UE) nr 679\/2016 osobom, kt\u00f3re korzystaj\u0105 z us\u0142ug sieciowych sp\u00f3\u0142ki Poliplast. ADMINISTRATOR DANYCH OSOBOWYCH Administratorem danych osobowych jest sp\u00f3\u0142ka Poliplast [&hellip;]<\/p>\n","protected":false},"author":1,"featured_media":0,"parent":0,"menu_order":0,"comment_status":"closed","ping_status":"open","template":"","meta":{"footnotes":""},"class_list":["post-1260","page","type-page","status-publish","hentry"],"_links":{"self":[{"href":"https:\/\/www.poliplastspa.com\/pl\/wp-json\/wp\/v2\/pages\/1260","targetHints":{"allow":["GET"]}}],"collection":[{"href":"https:\/\/www.poliplastspa.com\/pl\/wp-json\/wp\/v2\/pages"}],"about":[{"href":"https:\/\/www.poliplastspa.com\/pl\/wp-json\/wp\/v2\/types\/page"}],"author":[{"embeddable":true,"href":"https:\/\/www.poliplastspa.com\/pl\/wp-json\/wp\/v2\/users\/1"}],"replies":[{"embeddable":true,"href":"https:\/\/www.poliplastspa.com\/pl\/wp-json\/wp\/v2\/comments?post=1260"}],"version-history":[{"count":1,"href":"https:\/\/www.poliplastspa.com\/pl\/wp-json\/wp\/v2\/pages\/1260\/revisions"}],"predecessor-version":[{"id":1261,"href":"https:\/\/www.poliplastspa.com\/pl\/wp-json\/wp\/v2\/pages\/1260\/revisions\/1261"}],"wp:attachment":[{"href":"https:\/\/www.poliplastspa.com\/pl\/wp-json\/wp\/v2\/media?parent=1260"}],"curies":[{"name":"wp","href":"https:\/\/api.w.org\/{rel}","templated":true}]}}