{"id":1549,"date":"2022-12-21T10:20:58","date_gmt":"2022-12-21T09:20:58","guid":{"rendered":"https:\/\/www.poliplastspa.com\/?page_id=1549"},"modified":"2022-12-22T11:23:09","modified_gmt":"2022-12-22T10:23:09","slug":"oznakowanie-ekologiczne-opakowan","status":"publish","type":"page","link":"https:\/\/www.poliplastspa.com\/pl\/oznakowanie-ekologiczne-opakowan\/","title":{"rendered":"Oznakowanie ekologiczne opakowa\u0144"},"content":{"rendered":"\n<p>Zawiadomienie o przepisach art. 219 ust. 5 dekretu ustawodawczego 152\/2006 zmienionego dekretem ustawodawczym 116\/2020.<\/p>\n\n\n\n<p>Kody identyfikacyjne materia\u0142\u00f3w zgodnie z decyzj\u0105 129\/97\/CE Komisji dotycz\u0105ce opakowa\u0144 pierwotnych, wt\u00f3rnych i trzeciorz\u0119dowych stosowanych do dostawy zakupionych przez Pa\u0144stwa produkt\u00f3w znajduj\u0105 si\u0119 w poni\u017cszej tabeli.<\/p>\n\n\n\n<figure class=\"wp-block-table\"><table class=\"has-fixed-layout\"><thead><tr><th>PRODUKT &#8211; KOD IDENTYFIKACYJNY<\/th><th>RODZAJ ZBIERANIA<\/th><\/tr><\/thead><tbody><tr><td>PLASTIKOWA TORBA: PLASTIKOWA \u2013 LDPE 04<\/td><td>KOLEKCJA PLASTIK\u00d3W<\/td><\/tr><tr><td>BIO TORBA: KOMPOSTOWALNY PLASTIK \u2013 BIO 07<\/td><td>SEKRETNA ZBI\u00d3RKA ODPAD\u00d3W ORGANICZNYCH *<sup>1<\/sup><\/td><\/tr><tr><td>POJEMNIK NA M\u0141OT: PLASTIK \u2013 LDPE 04<\/td><td>KOLEKCJA PLASTIK\u00d3W<\/td><\/tr><tr><td>WRAP: PAPIER \u2013 PAP 22<\/td><td>KOLEKCJA PAPIERU<\/td><\/tr><tr><td>PUDE\u0141KO: TEKTURA FALISTA \u2013 PAP 20<\/td><td>KOLEKCJA PAPIERU<\/td><\/tr><tr><td>ROZCI\u0104GLIWE: PLASTIK &#8211; LDPE 04<\/td><td>KOLEKCJA PLASTIK<\/td><\/tr><tr><td>POKRYCIE PODN\u00d3\u017bKA: PLASTIK \u2013 LDPE 04<\/td><td>KOLEKCJA PLASTIK<\/td><\/tr><tr><td>KARTON KARTONOWY: KARTON \u2013 PAP 20<\/td><td>KOLEKCJA PAPIERU<\/td><\/tr><tr><td>PALETA: DREWNO \u2013 FOR 50<\/td><td>KOLEKCJI DREWNA<\/td><\/tr><tr><td>ETYKIETY BIALY: PAPIER \u2013 PAP 22<\/td><td>KOLEKCJA PAPIERU<\/td><\/tr><tr><td>ETYKIETY \u017b\u00d3\u0141TE: PLASTIK &#8211; LDPE 04<\/td><td>KOLEKCJA PLASTIK<\/td><\/tr><\/tbody><\/table><\/figure>\n\n\n\n<p>Okre\u015blono, \u017ce niekt\u00f3re kody materia\u0142\u00f3w s\u0105 r\u00f3wnie\u017c podawane na opakowaniu przez samego dostawc\u0119.<\/p>\n\n\n\n<p><\/p>\n\n\n\n<p>*<sup>1<\/sup> OK compost<\/p>\n\n\n\n<figure class=\"wp-block-image size-large is-resized\"><img loading=\"lazy\" decoding=\"async\" src=\"https:\/\/www.poliplastspa.com\/wp-content\/uploads\/2022\/12\/TA-OKI3-S2173-1024x512.jpg\" alt=\"\" class=\"wp-image-1569\" width=\"256\" height=\"128\" srcset=\"https:\/\/www.poliplastspa.com\/wp-content\/uploads\/2022\/12\/TA-OKI3-S2173-1024x512.jpg 1024w, https:\/\/www.poliplastspa.com\/wp-content\/uploads\/2022\/12\/TA-OKI3-S2173-300x150.jpg 300w, https:\/\/www.poliplastspa.com\/wp-content\/uploads\/2022\/12\/TA-OKI3-S2173-768x384.jpg 768w, https:\/\/www.poliplastspa.com\/wp-content\/uploads\/2022\/12\/TA-OKI3-S2173-1536x768.jpg 1536w, https:\/\/www.poliplastspa.com\/wp-content\/uploads\/2022\/12\/TA-OKI3-S2173.jpg 1987w\" sizes=\"auto, (max-width: 256px) 100vw, 256px\" \/><\/figure>\n","protected":false},"excerpt":{"rendered":"<p>Zawiadomienie o przepisach art. 219 ust. 5 dekretu ustawodawczego 152\/2006 zmienionego dekretem ustawodawczym 116\/2020. Kody identyfikacyjne materia\u0142\u00f3w zgodnie z decyzj\u0105 129\/97\/CE Komisji dotycz\u0105ce opakowa\u0144 pierwotnych, wt\u00f3rnych i trzeciorz\u0119dowych stosowanych do dostawy zakupionych przez Pa\u0144stwa produkt\u00f3w znajduj\u0105 si\u0119 w poni\u017cszej tabeli. PRODUKT &#8211; KOD IDENTYFIKACYJNY RODZAJ ZBIERANIA PLASTIKOWA TORBA: PLASTIKOWA \u2013 LDPE 04 KOLEKCJA PLASTIK\u00d3W BIO [&hellip;]<\/p>\n","protected":false},"author":3,"featured_media":0,"parent":0,"menu_order":0,"comment_status":"closed","ping_status":"closed","template":"","meta":{"footnotes":""},"class_list":["post-1549","page","type-page","status-publish","hentry"],"_links":{"self":[{"href":"https:\/\/www.poliplastspa.com\/pl\/wp-json\/wp\/v2\/pages\/1549","targetHints":{"allow":["GET"]}}],"collection":[{"href":"https:\/\/www.poliplastspa.com\/pl\/wp-json\/wp\/v2\/pages"}],"about":[{"href":"https:\/\/www.poliplastspa.com\/pl\/wp-json\/wp\/v2\/types\/page"}],"author":[{"embeddable":true,"href":"https:\/\/www.poliplastspa.com\/pl\/wp-json\/wp\/v2\/users\/3"}],"replies":[{"embeddable":true,"href":"https:\/\/www.poliplastspa.com\/pl\/wp-json\/wp\/v2\/comments?post=1549"}],"version-history":[{"count":5,"href":"https:\/\/www.poliplastspa.com\/pl\/wp-json\/wp\/v2\/pages\/1549\/revisions"}],"predecessor-version":[{"id":1586,"href":"https:\/\/www.poliplastspa.com\/pl\/wp-json\/wp\/v2\/pages\/1549\/revisions\/1586"}],"wp:attachment":[{"href":"https:\/\/www.poliplastspa.com\/pl\/wp-json\/wp\/v2\/media?parent=1549"}],"curies":[{"name":"wp","href":"https:\/\/api.w.org\/{rel}","templated":true}]}}