{"id":2381,"date":"2026-01-21T14:05:22","date_gmt":"2026-01-21T13:05:22","guid":{"rendered":"https:\/\/www.poliplastspa.com\/?page_id=2381"},"modified":"2026-01-21T14:34:11","modified_gmt":"2026-01-21T13:34:11","slug":"energia-odnawialna-v2","status":"publish","type":"page","link":"https:\/\/www.poliplastspa.com\/pl\/energia-odnawialna-v2\/","title":{"rendered":"Energia Odnawialna"},"content":{"rendered":"\n<p>Zarz\u0105dzanie energi\u0105 i \u015brodowiskiem od zawsze ma kluczowe znaczenie dla firmy.<br>Celem jest monitorowanie i ograniczanie zu\u017cycia w zak\u0142adzie oraz kompensowanie zu\u017cycia energii elektrycznej jej produkcj\u0105 ze \u017ar\u00f3de\u0142 odnawialnych.<br>Firma realizuje ten cel, kieruj\u0105c si\u0119 swoimi warto\u015bciami: jako\u015bci\u0105, innowacyjno\u015bci\u0105, zr\u00f3wnowa\u017conym rozwojem i pasj\u0105.<\/p>\n\n\n\n<p>Liczba instalacji odnawialnych osi\u0105gn\u0119\u0142a 12 jednostek. Wszystkie s\u0105 zarz\u0105dzane z poszanowaniem otaczaj\u0105cej przyrody.<br>Do ko\u0144ca 2024 roku powstanie kolejna instalacja fotowoltaiczna. B\u0119dzie to pierwsza instalacja naziemna dla Poliplast, kt\u00f3ra stale wyznacza sobie nowe cele w zakresie zr\u00f3wnowa\u017conego rozwoju.<\/p>\n","protected":false},"excerpt":{"rendered":"<p>Zarz\u0105dzanie energi\u0105 i \u015brodowiskiem od zawsze ma kluczowe znaczenie dla firmy.Celem jest monitorowanie i ograniczanie zu\u017cycia w zak\u0142adzie oraz kompensowanie zu\u017cycia energii elektrycznej jej produkcj\u0105 ze \u017ar\u00f3de\u0142 odnawialnych.Firma realizuje ten cel, kieruj\u0105c si\u0119 swoimi warto\u015bciami: jako\u015bci\u0105, innowacyjno\u015bci\u0105, zr\u00f3wnowa\u017conym rozwojem i pasj\u0105. Liczba instalacji odnawialnych osi\u0105gn\u0119\u0142a 12 jednostek. Wszystkie s\u0105 zarz\u0105dzane z poszanowaniem otaczaj\u0105cej przyrody.Do ko\u0144ca [&hellip;]<\/p>\n","protected":false},"author":1,"featured_media":0,"parent":0,"menu_order":0,"comment_status":"closed","ping_status":"closed","template":"energia-rinnovabile-v2.php","meta":{"footnotes":""},"class_list":["post-2381","page","type-page","status-publish","hentry"],"_links":{"self":[{"href":"https:\/\/www.poliplastspa.com\/pl\/wp-json\/wp\/v2\/pages\/2381","targetHints":{"allow":["GET"]}}],"collection":[{"href":"https:\/\/www.poliplastspa.com\/pl\/wp-json\/wp\/v2\/pages"}],"about":[{"href":"https:\/\/www.poliplastspa.com\/pl\/wp-json\/wp\/v2\/types\/page"}],"author":[{"embeddable":true,"href":"https:\/\/www.poliplastspa.com\/pl\/wp-json\/wp\/v2\/users\/1"}],"replies":[{"embeddable":true,"href":"https:\/\/www.poliplastspa.com\/pl\/wp-json\/wp\/v2\/comments?post=2381"}],"version-history":[{"count":4,"href":"https:\/\/www.poliplastspa.com\/pl\/wp-json\/wp\/v2\/pages\/2381\/revisions"}],"predecessor-version":[{"id":2414,"href":"https:\/\/www.poliplastspa.com\/pl\/wp-json\/wp\/v2\/pages\/2381\/revisions\/2414"}],"wp:attachment":[{"href":"https:\/\/www.poliplastspa.com\/pl\/wp-json\/wp\/v2\/media?parent=2381"}],"curies":[{"name":"wp","href":"https:\/\/api.w.org\/{rel}","templated":true}]}}